{"id":3880,"date":"2024-04-17T11:36:24","date_gmt":"2024-04-17T14:36:24","guid":{"rendered":"https:\/\/kabcomunicacao.com.br\/?page_id=3880"},"modified":"2025-09-30T09:32:21","modified_gmt":"2025-09-30T12:32:21","slug":"landing-page","status":"publish","type":"page","link":"https:\/\/kabcomunicacao.com.br\/index.php\/landing-page\/","title":{"rendered":"Landing Page"},"content":{"rendered":"\t\t<div data-elementor-type=\"wp-page\" data-elementor-id=\"3880\" class=\"elementor elementor-3880\" data-elementor-post-type=\"page\">\n\t\t\t\t<div class=\"elementor-element elementor-element-991b544 e-con-full e-flex e-con e-parent\" data-id=\"991b544\" data-element_type=\"container\" data-e-type=\"container\" data-settings=\"{&quot;background_background&quot;:&quot;classic&quot;}\">\n\t\t<div class=\"elementor-element elementor-element-4707b65 e-flex e-con-boxed e-con e-child\" data-id=\"4707b65\" data-element_type=\"container\" data-e-type=\"container\" data-settings=\"{&quot;background_background&quot;:&quot;classic&quot;}\">\n\t\t\t\t\t<div class=\"e-con-inner\">\n\t\t<div class=\"elementor-element elementor-element-741c836 e-flex e-con-boxed e-con e-child\" data-id=\"741c836\" data-element_type=\"container\" data-e-type=\"container\" data-settings=\"{&quot;background_background&quot;:&quot;classic&quot;}\">\n\t\t\t\t\t<div class=\"e-con-inner\">\n\t\t<div class=\"elementor-element elementor-element-b704830 e-flex e-con-boxed e-con e-child\" data-id=\"b704830\" data-element_type=\"container\" data-e-type=\"container\">\n\t\t\t\t\t<div class=\"e-con-inner\">\n\t\t\t\t<div class=\"elementor-element elementor-element-f11bce6 animated-fast elementor-invisible elementor-widget elementor-widget-heading\" data-id=\"f11bce6\" data-element_type=\"widget\" data-e-type=\"widget\" data-settings=\"{&quot;_animation&quot;:&quot;fadeInLeft&quot;}\" data-widget_type=\"heading.default\">\n\t\t\t\t<div class=\"elementor-widget-container\">\n\t\t\t\t\t<h2 class=\"elementor-heading-title elementor-size-default\">LANDING   PAGE <\/h2>\t\t\t\t<\/div>\n\t\t\t\t<\/div>\n\t\t\t\t<div class=\"elementor-element elementor-element-7098c06 animated-fast elementor-invisible elementor-widget elementor-widget-text-editor\" data-id=\"7098c06\" data-element_type=\"widget\" data-e-type=\"widget\" data-settings=\"{&quot;_animation&quot;:&quot;fadeInDown&quot;}\" data-widget_type=\"text-editor.default\">\n\t\t\t\t<div class=\"elementor-widget-container\">\n\t\t\t\t\t\t\t\t\t<p>Na KAB COMUNICA\u00c7\u00c3O, acreditamos que uma <strong>landing page<\/strong> bem planejada \u00e9 essencial para o sucesso de qualquer campanha digital. Mas o que \u00e9 exatamente uma landing page?<\/p><p>Uma <strong>landing page<\/strong> (ou p\u00e1gina de destino) \u00e9 uma p\u00e1gina criada especificamente para converter visitantes em leads ou clientes. Diferente de uma p\u00e1gina comum de site, ela \u00e9 focada em um \u00fanico objetivo: incentivar o visitante a tomar uma a\u00e7\u00e3o espec\u00edfica, seja preencher um formul\u00e1rio, baixar um material, se inscrever em uma lista de e-mails ou realizar uma compra.<\/p>\t\t\t\t\t\t\t\t<\/div>\n\t\t\t\t<\/div>\n\t\t\t\t<div class=\"elementor-element elementor-element-3db1954 animated-fast elementor-invisible elementor-widget elementor-widget-text-editor\" data-id=\"3db1954\" data-element_type=\"widget\" data-e-type=\"widget\" data-settings=\"{&quot;_animation&quot;:&quot;fadeInDown&quot;}\" data-widget_type=\"text-editor.default\">\n\t\t\t\t<div class=\"elementor-widget-container\">\n\t\t\t\t\t\t\t\t\t<p><strong>Import\u00e2ncia das Landing Pages<\/strong><\/p><p>As <strong>landing pages<\/strong> s\u00e3o essenciais para transformar tr\u00e1fego em resultados reais. Elas desempenham um papel crucial nas estrat\u00e9gias de marketing digital porque:<\/p><ol><li><p><strong>Aumentam as Convers\u00f5es:<\/strong> Com um design limpo, foco claro e chamada para a\u00e7\u00e3o (CTA) objetiva, as landing pages s\u00e3o feitas para levar o visitante a agir.<\/p><\/li><li><p><strong>Segmentam o P\u00fablico:<\/strong> Cada p\u00e1gina \u00e9 personalizada para atender a uma audi\u00eancia espec\u00edfica, o que melhora a relev\u00e2ncia e a taxa de convers\u00e3o.<\/p><\/li><li><p><strong>Otimiza\u00e7\u00e3o de Campanhas:<\/strong> Ao associar landing pages espec\u00edficas a campanhas publicit\u00e1rias, voc\u00ea pode medir resultados de forma mais eficaz e ajustar as estrat\u00e9gias para obter o melhor desempenho.<\/p><\/li><\/ol>\t\t\t\t\t\t\t\t<\/div>\n\t\t\t\t<\/div>\n\t\t\t\t<div class=\"elementor-element elementor-element-b4dea26 animated-fast elementor-invisible elementor-widget elementor-widget-text-editor\" data-id=\"b4dea26\" data-element_type=\"widget\" data-e-type=\"widget\" data-settings=\"{&quot;_animation&quot;:&quot;fadeInDown&quot;}\" data-widget_type=\"text-editor.default\">\n\t\t\t\t<div class=\"elementor-widget-container\">\n\t\t\t\t\t\t\t\t\t<p><strong>Aplica\u00e7\u00e3o das Landing Pages<\/strong><\/p><p>As landing pages s\u00e3o amplamente utilizadas em campanhas de marketing digital. Elas podem ser criadas para v\u00e1rias finalidades, como:<\/p><ul><li><strong>Promo\u00e7\u00e3o de Produtos ou Servi\u00e7os:<\/strong> Uma landing page pode ser usada para destacar uma oferta espec\u00edfica, incentivando os visitantes a comprarem.<\/li><li><strong>Capta\u00e7\u00e3o de Leads:<\/strong> S\u00e3o ideais para capturar informa\u00e7\u00f5es de contato de clientes potenciais, oferecendo algo de valor em troca, como um e-book, webinar ou cupom de desconto.<\/li><li><strong>Lan\u00e7amento de Novos Produtos:<\/strong> Podem ser usadas para apresentar lan\u00e7amentos de forma impactante e direcionada ao p\u00fablico-alvo.<\/li><li><strong>Campanhas Publicit\u00e1rias:<\/strong> Sempre que voc\u00ea investe em an\u00fancios pagos, \u00e9 importante ter uma landing page focada no objetivo da campanha, para maximizar o retorno sobre o investimento (ROI).<\/li><\/ul>\t\t\t\t\t\t\t\t<\/div>\n\t\t\t\t<\/div>\n\t\t\t\t\t<\/div>\n\t\t\t\t<\/div>\n\t\t<div class=\"elementor-element elementor-element-3866da3 e-flex e-con-boxed e-con e-child\" data-id=\"3866da3\" data-element_type=\"container\" data-e-type=\"container\" data-settings=\"{&quot;background_background&quot;:&quot;classic&quot;}\">\n\t\t\t\t\t<div class=\"e-con-inner\">\n\t\t\t\t<div class=\"elementor-element elementor-element-f02f86b animated-fast elementor-invisible elementor-widget elementor-widget-image\" data-id=\"f02f86b\" data-element_type=\"widget\" data-e-type=\"widget\" data-settings=\"{&quot;_animation&quot;:&quot;fadeInRight&quot;}\" data-widget_type=\"image.default\">\n\t\t\t\t<div class=\"elementor-widget-container\">\n\t\t\t\t\t\t\t\t\t\t\t\t\t\t\t<img fetchpriority=\"high\" decoding=\"async\" width=\"768\" height=\"1098\" src=\"https:\/\/kabcomunicacao.com.br\/wp-content\/uploads\/2024\/01\/00001-768x1098.png\" class=\"attachment-medium_large size-medium_large wp-image-3653\" alt=\"\" srcset=\"https:\/\/kabcomunicacao.com.br\/wp-content\/uploads\/2024\/01\/00001-768x1098.png 768w, https:\/\/kabcomunicacao.com.br\/wp-content\/uploads\/2024\/01\/00001-210x300.png 210w, https:\/\/kabcomunicacao.com.br\/wp-content\/uploads\/2024\/01\/00001-716x1024.png 716w, https:\/\/kabcomunicacao.com.br\/wp-content\/uploads\/2024\/01\/00001.png 912w\" sizes=\"(max-width: 768px) 100vw, 768px\" \/>\t\t\t\t\t\t\t\t\t\t\t\t\t\t\t<\/div>\n\t\t\t\t<\/div>\n\t\t\t\t\t<\/div>\n\t\t\t\t<\/div>\n\t\t\t\t\t<\/div>\n\t\t\t\t<\/div>\n\t\t<div class=\"elementor-element elementor-element-93738eb e-con-full e-flex e-con e-child\" data-id=\"93738eb\" data-element_type=\"container\" data-e-type=\"container\">\n\t\t<div class=\"elementor-element elementor-element-d75bc16 e-con-full e-flex e-con e-child\" data-id=\"d75bc16\" data-element_type=\"container\" data-e-type=\"container\">\n\t\t<div class=\"elementor-element elementor-element-3f90e4f e-con-full e-flex e-con e-child\" data-id=\"3f90e4f\" data-element_type=\"container\" data-e-type=\"container\">\n\t\t\t\t<div class=\"elementor-element elementor-element-0d33c1c elementor-position-left animated-fast elementor-vertical-align-top elementor-invisible elementor-widget elementor-widget-image-box\" data-id=\"0d33c1c\" data-element_type=\"widget\" data-e-type=\"widget\" data-settings=\"{&quot;_animation&quot;:&quot;fadeInUp&quot;}\" data-widget_type=\"image-box.default\">\n\t\t\t\t<div class=\"elementor-widget-container\">\n\t\t\t\t\t<div class=\"elementor-image-box-wrapper\"><figure class=\"elementor-image-box-img\"><img decoding=\"async\" width=\"150\" height=\"150\" src=\"https:\/\/kabcomunicacao.com.br\/wp-content\/uploads\/2024\/01\/LAPIS.png\" class=\"attachment-thumbnail size-thumbnail wp-image-3538\" alt=\"\" \/><\/figure><div class=\"elementor-image-box-content\"><h3 class=\"elementor-image-box-title\"> 100%Personalizada<\/h3><p class=\"elementor-image-box-description\">Layout \u00fanico conforme a sua identidade visual, com capta\u00e7\u00e3o de contatos baseado na sua estrat\u00e9gia..<\/p><\/div><\/div>\t\t\t\t<\/div>\n\t\t\t\t<\/div>\n\t\t\t\t<\/div>\n\t\t<div class=\"elementor-element elementor-element-487f86f e-con-full e-flex e-con e-child\" data-id=\"487f86f\" data-element_type=\"container\" data-e-type=\"container\">\n\t\t\t\t<div class=\"elementor-element elementor-element-f11f1d6 elementor-position-left animated-fast elementor-vertical-align-top elementor-invisible elementor-widget elementor-widget-image-box\" data-id=\"f11f1d6\" data-element_type=\"widget\" data-e-type=\"widget\" data-settings=\"{&quot;_animation&quot;:&quot;fadeInUp&quot;}\" data-widget_type=\"image-box.default\">\n\t\t\t\t<div class=\"elementor-widget-container\">\n\t\t\t\t\t<div class=\"elementor-image-box-wrapper\"><figure class=\"elementor-image-box-img\"><img decoding=\"async\" width=\"150\" height=\"150\" src=\"https:\/\/kabcomunicacao.com.br\/wp-content\/uploads\/2024\/01\/BONECO-150x150.png\" class=\"attachment-thumbnail size-thumbnail wp-image-3542\" alt=\"\" srcset=\"https:\/\/kabcomunicacao.com.br\/wp-content\/uploads\/2024\/01\/BONECO-150x150.png 150w, https:\/\/kabcomunicacao.com.br\/wp-content\/uploads\/2024\/01\/BONECO.png 300w\" sizes=\"(max-width: 150px) 100vw, 150px\" \/><\/figure><div class=\"elementor-image-box-content\"><h3 class=\"elementor-image-box-title\"> Melhor Experi\u00eancia do usu\u00e1rio<\/h3><p class=\"elementor-image-box-description\">Uso descomplicado, intuitivo e que facilita a intera\u00e7\u00e3o do seu cliente coma p\u00e1gina.\n<\/p><\/div><\/div>\t\t\t\t<\/div>\n\t\t\t\t<\/div>\n\t\t\t\t<\/div>\n\t\t<div class=\"elementor-element elementor-element-fc9a228 e-con-full e-flex e-con e-child\" data-id=\"fc9a228\" data-element_type=\"container\" data-e-type=\"container\">\n\t\t\t\t<div class=\"elementor-element elementor-element-cb6fa78 elementor-position-left animated-fast elementor-vertical-align-top elementor-invisible elementor-widget elementor-widget-image-box\" data-id=\"cb6fa78\" data-element_type=\"widget\" data-e-type=\"widget\" data-settings=\"{&quot;_animation&quot;:&quot;fadeInUp&quot;}\" data-widget_type=\"image-box.default\">\n\t\t\t\t<div class=\"elementor-widget-container\">\n\t\t\t\t\t<div class=\"elementor-image-box-wrapper\"><figure class=\"elementor-image-box-img\"><img loading=\"lazy\" decoding=\"async\" width=\"55\" height=\"92\" src=\"https:\/\/kabcomunicacao.com.br\/wp-content\/uploads\/2024\/01\/CELULAR.png\" class=\"attachment-thumbnail size-thumbnail wp-image-3545\" alt=\"\" \/><\/figure><div class=\"elementor-image-box-content\"><h3 class=\"elementor-image-box-title\"> Armazenagem de Contatos<\/h3><p class=\"elementor-image-box-description\">Os contatos ficam guardados no gerenciador tanto da landing page quanto da presell e ser\u00e3o enviados para o e-mail indicado.\n\n<\/p><\/div><\/div>\t\t\t\t<\/div>\n\t\t\t\t<\/div>\n\t\t\t\t<\/div>\n\t\t<div class=\"elementor-element elementor-element-6a44e2b e-con-full e-flex e-con e-child\" data-id=\"6a44e2b\" data-element_type=\"container\" data-e-type=\"container\">\n\t\t\t\t<div class=\"elementor-element elementor-element-10fa456 elementor-position-left animated-fast elementor-vertical-align-top elementor-invisible elementor-widget elementor-widget-image-box\" data-id=\"10fa456\" data-element_type=\"widget\" data-e-type=\"widget\" data-settings=\"{&quot;_animation&quot;:&quot;fadeInUp&quot;}\" data-widget_type=\"image-box.default\">\n\t\t\t\t<div class=\"elementor-widget-container\">\n\t\t\t\t\t<div class=\"elementor-image-box-wrapper\"><figure class=\"elementor-image-box-img\"><img loading=\"lazy\" decoding=\"async\" width=\"122\" height=\"142\" src=\"https:\/\/kabcomunicacao.com.br\/wp-content\/uploads\/2024\/01\/SEGURANCA.png\" class=\"attachment-thumbnail size-thumbnail wp-image-3560\" alt=\"\" \/><\/figure><div class=\"elementor-image-box-content\"><h3 class=\"elementor-image-box-title\">  Ambiente seguro<\/h3><p class=\"elementor-image-box-description\">Adequa\u00e7\u00e3o LGPD, protegendo a privacidade e os dados de cada usu\u00e1rio<\/p><\/div><\/div>\t\t\t\t<\/div>\n\t\t\t\t<\/div>\n\t\t\t\t<\/div>\n\t\t\t\t<\/div>\n\t\t\t\t<\/div>\n\t\t\t\t\t<\/div>\n\t\t\t\t<\/div>\n\t\t\t\t<\/div>\n\t\t<div class=\"elementor-element elementor-element-ca54b4f e-con-full e-flex e-con e-parent\" data-id=\"ca54b4f\" data-element_type=\"container\" data-e-type=\"container\">\n\t\t<div class=\"elementor-element elementor-element-0990aec e-con-full e-flex e-con e-child\" data-id=\"0990aec\" data-element_type=\"container\" data-e-type=\"container\" data-settings=\"{&quot;background_background&quot;:&quot;classic&quot;,&quot;shape_divider_top&quot;:&quot;arrow&quot;}\">\n\t\t\t\t<div class=\"elementor-shape elementor-shape-top\" aria-hidden=\"true\" data-negative=\"false\">\n\t\t\t<svg xmlns=\"http:\/\/www.w3.org\/2000\/svg\" viewBox=\"0 0 700 10\" preserveAspectRatio=\"none\">\n\t<path class=\"elementor-shape-fill\" d=\"M350,10L340,0h20L350,10z\"\/>\n<\/svg>\t\t<\/div>\n\t\t\t\t<div class=\"elementor-element elementor-element-c21b66d elementor-widget elementor-widget-heading\" data-id=\"c21b66d\" data-element_type=\"widget\" data-e-type=\"widget\" data-widget_type=\"heading.default\">\n\t\t\t\t<div class=\"elementor-widget-container\">\n\t\t\t\t\t<h2 class=\"elementor-heading-title elementor-size-default\">Ficou com alguma d\u00edvida?<\/h2>\t\t\t\t<\/div>\n\t\t\t\t<\/div>\n\t\t\t\t<div class=\"elementor-element elementor-element-1b7f0ba elementor-widget elementor-widget-text-editor\" data-id=\"1b7f0ba\" data-element_type=\"widget\" data-e-type=\"widget\" data-widget_type=\"text-editor.default\">\n\t\t\t\t<div class=\"elementor-widget-container\">\n\t\t\t\t\t\t\t\t\t<p><span style=\"vertical-align: inherit;\"><span style=\"vertical-align: inherit;\"><span style=\"vertical-align: inherit;\"><span style=\"vertical-align: inherit;\">Conversa com a gente!<\/span><\/span><\/span><\/span><\/p>\t\t\t\t\t\t\t\t<\/div>\n\t\t\t\t<\/div>\n\t\t\t\t<div class=\"elementor-element elementor-element-92a2f29 elementor-widget-divider--view-line elementor-widget elementor-widget-divider\" data-id=\"92a2f29\" data-element_type=\"widget\" data-e-type=\"widget\" data-widget_type=\"divider.default\">\n\t\t\t\t<div class=\"elementor-widget-container\">\n\t\t\t\t\t\t\t<div class=\"elementor-divider\">\n\t\t\t<span class=\"elementor-divider-separator\">\n\t\t\t\t\t\t<\/span>\n\t\t<\/div>\n\t\t\t\t\t\t<\/div>\n\t\t\t\t<\/div>\n\t\t\t\t<div class=\"elementor-element elementor-element-554609b elementor-widget elementor-widget-heading\" data-id=\"554609b\" data-element_type=\"widget\" data-e-type=\"widget\" data-widget_type=\"heading.default\">\n\t\t\t\t<div class=\"elementor-widget-container\">\n\t\t\t\t\t<h2 class=\"elementor-heading-title elementor-size-default\">Clique no bot\u00e3o abaixo.<\/h2>\t\t\t\t<\/div>\n\t\t\t\t<\/div>\n\t\t\t\t<div class=\"elementor-element elementor-element-857fac8 elementor-widget elementor-widget-text-editor\" data-id=\"857fac8\" data-element_type=\"widget\" data-e-type=\"widget\" data-widget_type=\"text-editor.default\">\n\t\t\t\t<div class=\"elementor-widget-container\">\n\t\t\t\t\t\t\t\t\t<p><span style=\"vertical-align: inherit;\"><span style=\"vertical-align: inherit;\">Um de nossos especialista ir\u00e1 lhe ajudar na elabora\u00e7\u00e3o ideal da sua LANDING PAGE para o seu ramo de atividade.<\/span><\/span><\/p>\t\t\t\t\t\t\t\t<\/div>\n\t\t\t\t<\/div>\n\t\t\t\t<div class=\"elementor-element elementor-element-ab61b8f elementor-widget elementor-widget-button\" data-id=\"ab61b8f\" data-element_type=\"widget\" data-e-type=\"widget\" data-widget_type=\"button.default\">\n\t\t\t\t<div class=\"elementor-widget-container\">\n\t\t\t\t\t\t\t\t\t<div class=\"elementor-button-wrapper\">\n\t\t\t\t\t<a class=\"elementor-button elementor-button-link elementor-size-md elementor-animation-pulse\" href=\"https:\/\/wa.me\/5521991135564\" target=\"_blank\">\n\t\t\t\t\t\t<span class=\"elementor-button-content-wrapper\">\n\t\t\t\t\t\t<span class=\"elementor-button-icon\">\n\t\t\t\t<svg aria-hidden=\"true\" class=\"e-font-icon-svg e-fab-whatsapp\" viewBox=\"0 0 448 512\" xmlns=\"http:\/\/www.w3.org\/2000\/svg\"><path d=\"M380.9 97.1C339 55.1 283.2 32 223.9 32c-122.4 0-222 99.6-222 222 0 39.1 10.2 77.3 29.6 111L0 480l117.7-30.9c32.4 17.7 68.9 27 106.1 27h.1c122.3 0 224.1-99.6 224.1-222 0-59.3-25.2-115-67.1-157zm-157 341.6c-33.2 0-65.7-8.9-94-25.7l-6.7-4-69.8 18.3L72 359.2l-4.4-7c-18.5-29.4-28.2-63.3-28.2-98.2 0-101.7 82.8-184.5 184.6-184.5 49.3 0 95.6 19.2 130.4 54.1 34.8 34.9 56.2 81.2 56.1 130.5 0 101.8-84.9 184.6-186.6 184.6zm101.2-138.2c-5.5-2.8-32.8-16.2-37.9-18-5.1-1.9-8.8-2.8-12.5 2.8-3.7 5.6-14.3 18-17.6 21.8-3.2 3.7-6.5 4.2-12 1.4-32.6-16.3-54-29.1-75.5-66-5.7-9.8 5.7-9.1 16.3-30.3 1.8-3.7.9-6.9-.5-9.7-1.4-2.8-12.5-30.1-17.1-41.2-4.5-10.8-9.1-9.3-12.5-9.5-3.2-.2-6.9-.2-10.6-.2-3.7 0-9.7 1.4-14.8 6.9-5.1 5.6-19.4 19-19.4 46.3 0 27.3 19.9 53.7 22.6 57.4 2.8 3.7 39.1 59.7 94.8 83.8 35.2 15.2 49 16.5 66.6 13.9 10.7-1.6 32.8-13.4 37.4-26.4 4.6-13 4.6-24.1 3.2-26.4-1.3-2.5-5-3.9-10.5-6.6z\"><\/path><\/svg>\t\t\t<\/span>\n\t\t\t\t\t\t\t\t\t<span class=\"elementor-button-text\">ATENDIMENTO PERSONALIZADO<\/span>\n\t\t\t\t\t<\/span>\n\t\t\t\t\t<\/a>\n\t\t\t\t<\/div>\n\t\t\t\t\t\t\t\t<\/div>\n\t\t\t\t<\/div>\n\t\t\t\t<\/div>\n\t\t\t\t<\/div>\n\t\t\t\t<\/div>\n\t\t","protected":false},"excerpt":{"rendered":"<p>LANDING PAGE Na KAB COMUNICA\u00c7\u00c3O, acreditamos que uma landing page bem planejada \u00e9 essencial para o sucesso de qualquer campanha digital. Mas o que \u00e9 exatamente uma landing page? Uma landing page (ou p\u00e1gina de destino) \u00e9 uma p\u00e1gina criada especificamente para converter visitantes em leads ou clientes. Diferente de uma p\u00e1gina comum de site, [&hellip;]<\/p>\n","protected":false},"author":1,"featured_media":0,"parent":0,"menu_order":0,"comment_status":"closed","ping_status":"closed","template":"elementor_header_footer","meta":{"footnotes":""},"class_list":["post-3880","page","type-page","status-publish","hentry"],"_links":{"self":[{"href":"https:\/\/kabcomunicacao.com.br\/index.php\/wp-json\/wp\/v2\/pages\/3880","targetHints":{"allow":["GET"]}}],"collection":[{"href":"https:\/\/kabcomunicacao.com.br\/index.php\/wp-json\/wp\/v2\/pages"}],"about":[{"href":"https:\/\/kabcomunicacao.com.br\/index.php\/wp-json\/wp\/v2\/types\/page"}],"author":[{"embeddable":true,"href":"https:\/\/kabcomunicacao.com.br\/index.php\/wp-json\/wp\/v2\/users\/1"}],"replies":[{"embeddable":true,"href":"https:\/\/kabcomunicacao.com.br\/index.php\/wp-json\/wp\/v2\/comments?post=3880"}],"version-history":[{"count":0,"href":"https:\/\/kabcomunicacao.com.br\/index.php\/wp-json\/wp\/v2\/pages\/3880\/revisions"}],"wp:attachment":[{"href":"https:\/\/kabcomunicacao.com.br\/index.php\/wp-json\/wp\/v2\/media?parent=3880"}],"curies":[{"name":"wp","href":"https:\/\/api.w.org\/{rel}","templated":true}]}}