{"id":5021,"date":"2024-06-21T11:02:20","date_gmt":"2024-06-21T14:02:20","guid":{"rendered":"https:\/\/kabcomunicacao.com.br\/?page_id=5021"},"modified":"2025-09-30T09:25:52","modified_gmt":"2025-09-30T12:25:52","slug":"gestor-de-trafego","status":"publish","type":"page","link":"https:\/\/kabcomunicacao.com.br\/index.php\/gestor-de-trafego\/","title":{"rendered":"Gestor de Tr\u00e1fego"},"content":{"rendered":"\t\t<div data-elementor-type=\"wp-page\" data-elementor-id=\"5021\" class=\"elementor elementor-5021\" data-elementor-post-type=\"page\">\n\t\t\t\t<div class=\"elementor-element elementor-element-f7a5e66 e-con-full e-flex e-con e-parent\" data-id=\"f7a5e66\" data-element_type=\"container\" data-e-type=\"container\" data-settings=\"{&quot;background_background&quot;:&quot;classic&quot;,&quot;shape_divider_top&quot;:&quot;curve-asymmetrical&quot;}\">\n\t\t\t\t<div class=\"elementor-shape elementor-shape-top\" aria-hidden=\"true\" data-negative=\"false\">\n\t\t\t<svg xmlns=\"http:\/\/www.w3.org\/2000\/svg\" viewBox=\"0 0 1000 100\" preserveAspectRatio=\"none\">\n\t<path class=\"elementor-shape-fill\" d=\"M0,0c0,0,0,6,0,6.7c0,18,240.2,93.6,615.2,92.6C989.8,98.5,1000,25,1000,6.7c0-0.7,0-6.7,0-6.7H0z\"\/>\n<\/svg>\t\t<\/div>\n\t\t<div class=\"elementor-element elementor-element-d5cef91 e-flex e-con-boxed e-con e-child\" data-id=\"d5cef91\" data-element_type=\"container\" data-e-type=\"container\">\n\t\t\t\t\t<div class=\"e-con-inner\">\n\t\t\t\t<div class=\"elementor-element elementor-element-078e592 elementor-widget__width-initial animated-fast elementor-invisible elementor-widget elementor-widget-heading\" data-id=\"078e592\" data-element_type=\"widget\" data-e-type=\"widget\" data-settings=\"{&quot;_animation&quot;:&quot;fadeInDown&quot;}\" data-widget_type=\"heading.default\">\n\t\t\t\t<div class=\"elementor-widget-container\">\n\t\t\t\t\t<h2 class=\"elementor-heading-title elementor-size-default\">Seus An\u00fancios no Lugar certo, para as Pessoas certas e na hora Exata.<\/h2>\t\t\t\t<\/div>\n\t\t\t\t<\/div>\n\t\t\t\t<div class=\"elementor-element elementor-element-f4a34d9 animated-fast elementor-invisible elementor-widget elementor-widget-text-editor\" data-id=\"f4a34d9\" data-element_type=\"widget\" data-e-type=\"widget\" data-settings=\"{&quot;_animation&quot;:&quot;fadeInUp&quot;}\" data-widget_type=\"text-editor.default\">\n\t\t\t\t<div class=\"elementor-widget-container\">\n\t\t\t\t\t\t\t\t\t<p><span dir=\"auto\" style=\"vertical-align: inherit;\"><span dir=\"auto\" style=\"vertical-align: inherit;\">Estrat\u00e9gia, an\u00e1lise e performance para multiplicar os seus resultados online.<\/span><\/span><\/p>\t\t\t\t\t\t\t\t<\/div>\n\t\t\t\t<\/div>\n\t\t\t\t\t<\/div>\n\t\t\t\t<\/div>\n\t\t\t\t<\/div>\n\t\t<div class=\"elementor-element elementor-element-bf224e9 e-flex e-con-boxed e-con e-parent\" data-id=\"bf224e9\" data-element_type=\"container\" data-e-type=\"container\" data-settings=\"{&quot;background_background&quot;:&quot;classic&quot;}\">\n\t\t\t\t\t<div class=\"e-con-inner\">\n\t\t<div class=\"elementor-element elementor-element-d024c0a e-con-full e-flex e-con e-child\" data-id=\"d024c0a\" data-element_type=\"container\" data-e-type=\"container\">\n\t\t\t\t<div class=\"elementor-element elementor-element-2eabd1d animated-fast elementor-invisible elementor-widget elementor-widget-heading\" data-id=\"2eabd1d\" data-element_type=\"widget\" data-e-type=\"widget\" data-settings=\"{&quot;_animation&quot;:&quot;fadeInDown&quot;}\" data-widget_type=\"heading.default\">\n\t\t\t\t<div class=\"elementor-widget-container\">\n\t\t\t\t\t<h2 class=\"elementor-heading-title elementor-size-default\">Sobre a Gest\u00e3o de Tr\u00e1fego da KAB Comunica\u00e7\u00e3o<\/h2>\t\t\t\t<\/div>\n\t\t\t\t<\/div>\n\t\t\t\t<div class=\"elementor-element elementor-element-e465565 animated-fast elementor-invisible elementor-widget elementor-widget-text-editor\" data-id=\"e465565\" data-element_type=\"widget\" data-e-type=\"widget\" data-settings=\"{&quot;_animation&quot;:&quot;fadeInLeft&quot;}\" data-widget_type=\"text-editor.default\">\n\t\t\t\t<div class=\"elementor-widget-container\">\n\t\t\t\t\t\t\t\t\t<p>Na internet, quem n\u00e3o aparece, desaparece. Na KAB Comunica\u00e7\u00e3o, ajudamos sua marca a se destacar com campanhas inteligentes e segmentadas nas principais plataformas de an\u00fancios. Atuamos com foco em convers\u00e3o, otimizando resultados e conectando sua marca com quem realmente importa.<\/p>\t\t\t\t\t\t\t\t<\/div>\n\t\t\t\t<\/div>\n\t\t\t\t<div class=\"elementor-element elementor-element-1840dee animated-fast elementor-invisible elementor-widget elementor-widget-heading\" data-id=\"1840dee\" data-element_type=\"widget\" data-e-type=\"widget\" data-settings=\"{&quot;_animation&quot;:&quot;fadeInDown&quot;}\" data-widget_type=\"heading.default\">\n\t\t\t\t<div class=\"elementor-widget-container\">\n\t\t\t\t\t<h2 class=\"elementor-heading-title elementor-size-default\">Destaques da Nossa Estrat\u00e9gia<\/h2>\t\t\t\t<\/div>\n\t\t\t\t<\/div>\n\t\t<div class=\"elementor-element elementor-element-30b68f5 e-con-full e-flex e-con e-child\" data-id=\"30b68f5\" data-element_type=\"container\" data-e-type=\"container\">\n\t\t\t\t<div class=\"elementor-element elementor-element-a5a55c4 elementor-position-left elementor-vertical-align-middle elementor-position-top elementor-position-left animated-fast elementor-invisible elementor-widget elementor-widget-image-box\" data-id=\"a5a55c4\" data-element_type=\"widget\" data-e-type=\"widget\" data-settings=\"{&quot;_animation&quot;:&quot;zoomIn&quot;}\" data-widget_type=\"image-box.default\">\n\t\t\t\t<div class=\"elementor-widget-container\">\n\t\t\t\t\t<div class=\"elementor-image-box-wrapper\"><figure class=\"elementor-image-box-img\"><img fetchpriority=\"high\" decoding=\"async\" width=\"1388\" height=\"1276\" src=\"https:\/\/kabcomunicacao.com.br\/wp-content\/uploads\/2025\/04\/04.png\" class=\"attachment-full size-full wp-image-5955\" alt=\"\" srcset=\"https:\/\/kabcomunicacao.com.br\/wp-content\/uploads\/2025\/04\/04.png 1388w, https:\/\/kabcomunicacao.com.br\/wp-content\/uploads\/2025\/04\/04-300x276.png 300w, https:\/\/kabcomunicacao.com.br\/wp-content\/uploads\/2025\/04\/04-1024x941.png 1024w, https:\/\/kabcomunicacao.com.br\/wp-content\/uploads\/2025\/04\/04-768x706.png 768w\" sizes=\"(max-width: 1388px) 100vw, 1388px\" \/><\/figure><div class=\"elementor-image-box-content\"><h3 class=\"elementor-image-box-title\">Estrat\u00e9gia Sob Medida<\/h3><p class=\"elementor-image-box-description\">Cada neg\u00f3cio \u00e9 \u00fanico. Criamos campanhas personalizadas de acordo com seu p\u00fablico, segmento e objetivos.<\/p><\/div><\/div>\t\t\t\t<\/div>\n\t\t\t\t<\/div>\n\t\t\t\t<div class=\"elementor-element elementor-element-9858d22 elementor-position-left elementor-vertical-align-middle elementor-position-left animated-fast elementor-invisible elementor-widget elementor-widget-image-box\" data-id=\"9858d22\" data-element_type=\"widget\" data-e-type=\"widget\" data-settings=\"{&quot;_animation&quot;:&quot;zoomIn&quot;}\" data-widget_type=\"image-box.default\">\n\t\t\t\t<div class=\"elementor-widget-container\">\n\t\t\t\t\t<div class=\"elementor-image-box-wrapper\"><figure class=\"elementor-image-box-img\"><img decoding=\"async\" width=\"1388\" height=\"1276\" src=\"https:\/\/kabcomunicacao.com.br\/wp-content\/uploads\/2025\/04\/05.png\" class=\"attachment-full size-full wp-image-5956\" alt=\"\" srcset=\"https:\/\/kabcomunicacao.com.br\/wp-content\/uploads\/2025\/04\/05.png 1388w, https:\/\/kabcomunicacao.com.br\/wp-content\/uploads\/2025\/04\/05-300x276.png 300w, https:\/\/kabcomunicacao.com.br\/wp-content\/uploads\/2025\/04\/05-1024x941.png 1024w, https:\/\/kabcomunicacao.com.br\/wp-content\/uploads\/2025\/04\/05-768x706.png 768w\" sizes=\"(max-width: 1388px) 100vw, 1388px\" \/><\/figure><div class=\"elementor-image-box-content\"><h3 class=\"elementor-image-box-title\">Segmenta\u00e7\u00e3o Precisa<\/h3><p class=\"elementor-image-box-description\">Atingimos o p\u00fablico certo com t\u00e9cnicas de segmenta\u00e7\u00e3o avan\u00e7adas, aumentando as chances de convers\u00e3o.<\/p><\/div><\/div>\t\t\t\t<\/div>\n\t\t\t\t<\/div>\n\t\t\t\t<div class=\"elementor-element elementor-element-ea323df elementor-position-left elementor-vertical-align-middle elementor-position-left animated-fast elementor-invisible elementor-widget elementor-widget-image-box\" data-id=\"ea323df\" data-element_type=\"widget\" data-e-type=\"widget\" data-settings=\"{&quot;_animation&quot;:&quot;zoomIn&quot;}\" data-widget_type=\"image-box.default\">\n\t\t\t\t<div class=\"elementor-widget-container\">\n\t\t\t\t\t<div class=\"elementor-image-box-wrapper\"><figure class=\"elementor-image-box-img\"><img decoding=\"async\" width=\"1388\" height=\"1276\" src=\"https:\/\/kabcomunicacao.com.br\/wp-content\/uploads\/2025\/04\/03.png\" class=\"attachment-full size-full wp-image-5953\" alt=\"\" srcset=\"https:\/\/kabcomunicacao.com.br\/wp-content\/uploads\/2025\/04\/03.png 1388w, https:\/\/kabcomunicacao.com.br\/wp-content\/uploads\/2025\/04\/03-300x276.png 300w, https:\/\/kabcomunicacao.com.br\/wp-content\/uploads\/2025\/04\/03-1024x941.png 1024w, https:\/\/kabcomunicacao.com.br\/wp-content\/uploads\/2025\/04\/03-768x706.png 768w\" sizes=\"(max-width: 1388px) 100vw, 1388px\" \/><\/figure><div class=\"elementor-image-box-content\"><h3 class=\"elementor-image-box-title\">Otimiza\u00e7\u00e3o Cont\u00ednua<\/h3><p class=\"elementor-image-box-description\">Monitoramos e ajustamos as campanhas constantemente com base em dados reais para melhorar o desempenho.<\/p><\/div><\/div>\t\t\t\t<\/div>\n\t\t\t\t<\/div>\n\t\t\t\t<\/div>\n\t\t<div class=\"elementor-element elementor-element-3cd3a01 e-con-full e-flex e-con e-child\" data-id=\"3cd3a01\" data-element_type=\"container\" data-e-type=\"container\">\n\t\t\t\t<div class=\"elementor-element elementor-element-33f856a elementor-position-left elementor-vertical-align-middle elementor-position-left animated-fast elementor-invisible elementor-widget elementor-widget-image-box\" data-id=\"33f856a\" data-element_type=\"widget\" data-e-type=\"widget\" data-settings=\"{&quot;_animation&quot;:&quot;zoomIn&quot;}\" data-widget_type=\"image-box.default\">\n\t\t\t\t<div class=\"elementor-widget-container\">\n\t\t\t\t\t<div class=\"elementor-image-box-wrapper\"><figure class=\"elementor-image-box-img\"><img loading=\"lazy\" decoding=\"async\" width=\"1388\" height=\"1276\" src=\"https:\/\/kabcomunicacao.com.br\/wp-content\/uploads\/2025\/04\/06.png\" class=\"attachment-full size-full wp-image-6073\" alt=\"\" srcset=\"https:\/\/kabcomunicacao.com.br\/wp-content\/uploads\/2025\/04\/06.png 1388w, https:\/\/kabcomunicacao.com.br\/wp-content\/uploads\/2025\/04\/06-300x276.png 300w, https:\/\/kabcomunicacao.com.br\/wp-content\/uploads\/2025\/04\/06-1024x941.png 1024w, https:\/\/kabcomunicacao.com.br\/wp-content\/uploads\/2025\/04\/06-768x706.png 768w\" sizes=\"(max-width: 1388px) 100vw, 1388px\" \/><\/figure><div class=\"elementor-image-box-content\"><h3 class=\"elementor-image-box-title\">Relat\u00f3rios e Transpar\u00eancia<\/h3><p class=\"elementor-image-box-description\">Voc\u00ea acompanha os resultados em tempo real com relat\u00f3rios claros e objetivos.<\/p><\/div><\/div>\t\t\t\t<\/div>\n\t\t\t\t<\/div>\n\t\t\t\t<div class=\"elementor-element elementor-element-1bad4f2 elementor-position-left elementor-vertical-align-middle elementor-position-left animated-fast elementor-invisible elementor-widget elementor-widget-image-box\" data-id=\"1bad4f2\" data-element_type=\"widget\" data-e-type=\"widget\" data-settings=\"{&quot;_animation&quot;:&quot;zoomIn&quot;}\" data-widget_type=\"image-box.default\">\n\t\t\t\t<div class=\"elementor-widget-container\">\n\t\t\t\t\t<div class=\"elementor-image-box-wrapper\"><figure class=\"elementor-image-box-img\"><img loading=\"lazy\" decoding=\"async\" width=\"1388\" height=\"1276\" src=\"https:\/\/kabcomunicacao.com.br\/wp-content\/uploads\/2025\/04\/02.png\" class=\"attachment-full size-full wp-image-5954\" alt=\"\" srcset=\"https:\/\/kabcomunicacao.com.br\/wp-content\/uploads\/2025\/04\/02.png 1388w, https:\/\/kabcomunicacao.com.br\/wp-content\/uploads\/2025\/04\/02-300x276.png 300w, https:\/\/kabcomunicacao.com.br\/wp-content\/uploads\/2025\/04\/02-1024x941.png 1024w, https:\/\/kabcomunicacao.com.br\/wp-content\/uploads\/2025\/04\/02-768x706.png 768w\" sizes=\"(max-width: 1388px) 100vw, 1388px\" \/><\/figure><div class=\"elementor-image-box-content\"><h3 class=\"elementor-image-box-title\">Testes A\/B Constantes<\/h3><p class=\"elementor-image-box-description\">Aplicamos testes para encontrar as melhores vers\u00f5es de an\u00fancios, criativos e abordagens.<\/p><\/div><\/div>\t\t\t\t<\/div>\n\t\t\t\t<\/div>\n\t\t\t\t<div class=\"elementor-element elementor-element-521dbe5 elementor-position-left elementor-vertical-align-middle elementor-position-left animated-fast elementor-invisible elementor-widget elementor-widget-image-box\" data-id=\"521dbe5\" data-element_type=\"widget\" data-e-type=\"widget\" data-settings=\"{&quot;_animation&quot;:&quot;zoomIn&quot;}\" data-widget_type=\"image-box.default\">\n\t\t\t\t<div class=\"elementor-widget-container\">\n\t\t\t\t\t<div class=\"elementor-image-box-wrapper\"><figure class=\"elementor-image-box-img\"><img loading=\"lazy\" decoding=\"async\" width=\"1388\" height=\"1276\" src=\"https:\/\/kabcomunicacao.com.br\/wp-content\/uploads\/2025\/04\/01.png\" class=\"attachment-full size-full wp-image-5952\" alt=\"\" srcset=\"https:\/\/kabcomunicacao.com.br\/wp-content\/uploads\/2025\/04\/01.png 1388w, https:\/\/kabcomunicacao.com.br\/wp-content\/uploads\/2025\/04\/01-300x276.png 300w, https:\/\/kabcomunicacao.com.br\/wp-content\/uploads\/2025\/04\/01-1024x941.png 1024w, https:\/\/kabcomunicacao.com.br\/wp-content\/uploads\/2025\/04\/01-768x706.png 768w\" sizes=\"(max-width: 1388px) 100vw, 1388px\" \/><\/figure><div class=\"elementor-image-box-content\"><h3 class=\"elementor-image-box-title\">Suporte Consultivo<\/h3><p class=\"elementor-image-box-description\">Nosso time est\u00e1 ao seu lado em cada etapa, ajudando a interpretar dados e definir os pr\u00f3ximos passos.<\/p><\/div><\/div>\t\t\t\t<\/div>\n\t\t\t\t<\/div>\n\t\t\t\t<\/div>\n\t\t\t\t<\/div>\n\t\t\t\t\t<\/div>\n\t\t\t\t<\/div>\n\t\t<div class=\"elementor-element elementor-element-da9af50 e-con-full e-flex e-con e-parent\" data-id=\"da9af50\" data-element_type=\"container\" data-e-type=\"container\" data-settings=\"{&quot;background_background&quot;:&quot;classic&quot;}\">\n\t\t<div class=\"elementor-element elementor-element-d375b31 e-flex e-con-boxed elementor-invisible e-con e-child\" data-id=\"d375b31\" data-element_type=\"container\" data-e-type=\"container\" data-settings=\"{&quot;animation&quot;:&quot;fadeInDown&quot;}\">\n\t\t\t\t\t<div class=\"e-con-inner\">\n\t\t\t\t<div class=\"elementor-element elementor-element-3f8a4cb elementor-icon-list--layout-inline elementor-mobile-align-center animated-fast elementor-list-item-link-full_width elementor-invisible elementor-widget elementor-widget-icon-list\" data-id=\"3f8a4cb\" data-element_type=\"widget\" data-e-type=\"widget\" data-settings=\"{&quot;_animation&quot;:&quot;zoomInUp&quot;}\" data-widget_type=\"icon-list.default\">\n\t\t\t\t<div class=\"elementor-widget-container\">\n\t\t\t\t\t\t\t<ul class=\"elementor-icon-list-items elementor-inline-items\">\n\t\t\t\t\t\t\t<li class=\"elementor-icon-list-item elementor-inline-item\">\n\t\t\t\t\t\t\t\t\t\t<span class=\"elementor-icon-list-text\">Fale com conosco e receba uma an\u00e1lise gratuita do seu<\/span>\n\t\t\t\t\t\t\t\t\t<\/li>\n\t\t\t\t\t\t<\/ul>\n\t\t\t\t\t\t<\/div>\n\t\t\t\t<\/div>\n\t\t\t\t<div class=\"elementor-element elementor-element-dd94106 elementor-icon-list--layout-inline elementor-mobile-align-center animated-fast elementor-list-item-link-full_width elementor-invisible elementor-widget elementor-widget-icon-list\" data-id=\"dd94106\" data-element_type=\"widget\" data-e-type=\"widget\" data-settings=\"{&quot;_animation&quot;:&quot;zoomInUp&quot;}\" data-widget_type=\"icon-list.default\">\n\t\t\t\t<div class=\"elementor-widget-container\">\n\t\t\t\t\t\t\t<ul class=\"elementor-icon-list-items elementor-inline-items\">\n\t\t\t\t\t\t\t<li class=\"elementor-icon-list-item elementor-inline-item\">\n\t\t\t\t\t\t\t\t\t\t<span class=\"elementor-icon-list-text\">PERFIL<\/span>\n\t\t\t\t\t\t\t\t\t<\/li>\n\t\t\t\t\t\t<\/ul>\n\t\t\t\t\t\t<\/div>\n\t\t\t\t<\/div>\n\t\t\t\t\t<\/div>\n\t\t\t\t<\/div>\n\t\t<div class=\"elementor-element elementor-element-d1973a6 e-flex e-con-boxed elementor-invisible e-con e-child\" data-id=\"d1973a6\" data-element_type=\"container\" data-e-type=\"container\" data-settings=\"{&quot;animation&quot;:&quot;fadeInRight&quot;}\">\n\t\t\t\t\t<div class=\"e-con-inner\">\n\t\t\t\t<div class=\"elementor-element elementor-element-32ba804 elementor-icon-list--layout-inline elementor-mobile-align-center animated-fast elementor-list-item-link-full_width elementor-invisible elementor-widget elementor-widget-icon-list\" data-id=\"32ba804\" data-element_type=\"widget\" data-e-type=\"widget\" data-settings=\"{&quot;_animation&quot;:&quot;zoomInUp&quot;}\" data-widget_type=\"icon-list.default\">\n\t\t\t\t<div class=\"elementor-widget-container\">\n\t\t\t\t\t\t\t<ul class=\"elementor-icon-list-items elementor-inline-items\">\n\t\t\t\t\t\t\t<li class=\"elementor-icon-list-item elementor-inline-item\">\n\t\t\t\t\t\t\t\t\t\t<span class=\"elementor-icon-list-text\">Vamos criar juntos a estrat\u00e9gia de tr\u00e1fego ideal para o seu neg\u00f3cio come\u00e7ar a crescer agora.<\/span>\n\t\t\t\t\t\t\t\t\t<\/li>\n\t\t\t\t\t\t<\/ul>\n\t\t\t\t\t\t<\/div>\n\t\t\t\t<\/div>\n\t\t\t\t\t<\/div>\n\t\t\t\t<\/div>\n\t\t<div class=\"elementor-element elementor-element-38c2a6e e-flex e-con-boxed e-con e-child\" data-id=\"38c2a6e\" data-element_type=\"container\" data-e-type=\"container\">\n\t\t\t\t\t<div class=\"e-con-inner\">\n\t\t\t\t<div class=\"elementor-element elementor-element-42b410e elementor-widget elementor-widget-button\" data-id=\"42b410e\" data-element_type=\"widget\" data-e-type=\"widget\" data-widget_type=\"button.default\">\n\t\t\t\t<div class=\"elementor-widget-container\">\n\t\t\t\t\t\t\t\t\t<div class=\"elementor-button-wrapper\">\n\t\t\t\t\t<a class=\"elementor-button elementor-button-link elementor-size-sm\" href=\"https:\/\/wa.me\/5521991135564\" target=\"_blank\">\n\t\t\t\t\t\t<span class=\"elementor-button-content-wrapper\">\n\t\t\t\t\t\t<span class=\"elementor-button-icon\">\n\t\t\t\t<svg aria-hidden=\"true\" class=\"e-font-icon-svg e-fab-whatsapp\" viewBox=\"0 0 448 512\" xmlns=\"http:\/\/www.w3.org\/2000\/svg\"><path d=\"M380.9 97.1C339 55.1 283.2 32 223.9 32c-122.4 0-222 99.6-222 222 0 39.1 10.2 77.3 29.6 111L0 480l117.7-30.9c32.4 17.7 68.9 27 106.1 27h.1c122.3 0 224.1-99.6 224.1-222 0-59.3-25.2-115-67.1-157zm-157 341.6c-33.2 0-65.7-8.9-94-25.7l-6.7-4-69.8 18.3L72 359.2l-4.4-7c-18.5-29.4-28.2-63.3-28.2-98.2 0-101.7 82.8-184.5 184.6-184.5 49.3 0 95.6 19.2 130.4 54.1 34.8 34.9 56.2 81.2 56.1 130.5 0 101.8-84.9 184.6-186.6 184.6zm101.2-138.2c-5.5-2.8-32.8-16.2-37.9-18-5.1-1.9-8.8-2.8-12.5 2.8-3.7 5.6-14.3 18-17.6 21.8-3.2 3.7-6.5 4.2-12 1.4-32.6-16.3-54-29.1-75.5-66-5.7-9.8 5.7-9.1 16.3-30.3 1.8-3.7.9-6.9-.5-9.7-1.4-2.8-12.5-30.1-17.1-41.2-4.5-10.8-9.1-9.3-12.5-9.5-3.2-.2-6.9-.2-10.6-.2-3.7 0-9.7 1.4-14.8 6.9-5.1 5.6-19.4 19-19.4 46.3 0 27.3 19.9 53.7 22.6 57.4 2.8 3.7 39.1 59.7 94.8 83.8 35.2 15.2 49 16.5 66.6 13.9 10.7-1.6 32.8-13.4 37.4-26.4 4.6-13 4.6-24.1 3.2-26.4-1.3-2.5-5-3.9-10.5-6.6z\"><\/path><\/svg>\t\t\t<\/span>\n\t\t\t\t\t\t\t\t\t<span class=\"elementor-button-text\">Fale direto com um Especialista<\/span>\n\t\t\t\t\t<\/span>\n\t\t\t\t\t<\/a>\n\t\t\t\t<\/div>\n\t\t\t\t\t\t\t\t<\/div>\n\t\t\t\t<\/div>\n\t\t\t\t\t<\/div>\n\t\t\t\t<\/div>\n\t\t\t\t<\/div>\n\t\t\t\t<\/div>\n\t\t","protected":false},"excerpt":{"rendered":"<p>Seus An\u00fancios no Lugar certo, para as Pessoas certas e na hora Exata. Estrat\u00e9gia, an\u00e1lise e performance para multiplicar os seus resultados online. Sobre a Gest\u00e3o de Tr\u00e1fego da KAB Comunica\u00e7\u00e3o Na internet, quem n\u00e3o aparece, desaparece. Na KAB Comunica\u00e7\u00e3o, ajudamos sua marca a se destacar com campanhas inteligentes e segmentadas nas principais plataformas de [&hellip;]<\/p>\n","protected":false},"author":1,"featured_media":0,"parent":0,"menu_order":0,"comment_status":"closed","ping_status":"closed","template":"elementor_header_footer","meta":{"footnotes":""},"class_list":["post-5021","page","type-page","status-publish","hentry"],"_links":{"self":[{"href":"https:\/\/kabcomunicacao.com.br\/index.php\/wp-json\/wp\/v2\/pages\/5021","targetHints":{"allow":["GET"]}}],"collection":[{"href":"https:\/\/kabcomunicacao.com.br\/index.php\/wp-json\/wp\/v2\/pages"}],"about":[{"href":"https:\/\/kabcomunicacao.com.br\/index.php\/wp-json\/wp\/v2\/types\/page"}],"author":[{"embeddable":true,"href":"https:\/\/kabcomunicacao.com.br\/index.php\/wp-json\/wp\/v2\/users\/1"}],"replies":[{"embeddable":true,"href":"https:\/\/kabcomunicacao.com.br\/index.php\/wp-json\/wp\/v2\/comments?post=5021"}],"version-history":[{"count":0,"href":"https:\/\/kabcomunicacao.com.br\/index.php\/wp-json\/wp\/v2\/pages\/5021\/revisions"}],"wp:attachment":[{"href":"https:\/\/kabcomunicacao.com.br\/index.php\/wp-json\/wp\/v2\/media?parent=5021"}],"curies":[{"name":"wp","href":"https:\/\/api.w.org\/{rel}","templated":true}]}}