{"id":5100,"date":"2024-07-14T06:55:58","date_gmt":"2024-07-14T09:55:58","guid":{"rendered":"https:\/\/kabcomunicacao.com.br\/?page_id=5100"},"modified":"2025-09-30T09:43:00","modified_gmt":"2025-09-30T12:43:00","slug":"quem-somos","status":"publish","type":"page","link":"https:\/\/kabcomunicacao.com.br\/index.php\/quem-somos\/","title":{"rendered":"Quem Somos"},"content":{"rendered":"\t\t<div data-elementor-type=\"wp-page\" data-elementor-id=\"5100\" class=\"elementor elementor-5100\" data-elementor-post-type=\"page\">\n\t\t\t\t<div class=\"elementor-element elementor-element-c86185e e-flex e-con-boxed e-con e-parent\" data-id=\"c86185e\" data-element_type=\"container\" data-e-type=\"container\" data-settings=\"{&quot;background_background&quot;:&quot;classic&quot;}\">\n\t\t\t\t\t<div class=\"e-con-inner\">\n\t\t\t\t\t<\/div>\n\t\t\t\t<\/div>\n\t\t<div class=\"elementor-element elementor-element-5rLe3Bf e-con-full e-flex e-con e-parent\" data-id=\"5rLe3Bf\" data-element_type=\"container\" data-e-type=\"container\">\n\t\t\t\t<div class=\"elementor-element elementor-element-VnKHMZe animated-fast elementor-invisible elementor-widget elementor-widget-heading\" data-id=\"VnKHMZe\" data-element_type=\"widget\" data-e-type=\"widget\" data-settings=\"{&quot;_animation&quot;:&quot;zoomIn&quot;}\" data-widget_type=\"heading.default\">\n\t\t\t\t<div class=\"elementor-widget-container\">\n\t\t\t\t\t<h1 class=\"elementor-heading-title elementor-size-default\">Proporcionamos Solu\u00e7\u00f5es Digitais Eficientes, Inovadoras e Personalizadas <\/h1>\t\t\t\t<\/div>\n\t\t\t\t<\/div>\n\t\t\t\t<div class=\"elementor-element elementor-element-S6rBm3R animated-fast elementor-invisible elementor-widget elementor-widget-heading\" data-id=\"S6rBm3R\" data-element_type=\"widget\" data-e-type=\"widget\" data-settings=\"{&quot;_animation&quot;:&quot;slideInUp&quot;}\" data-widget_type=\"heading.default\">\n\t\t\t\t<div class=\"elementor-widget-container\">\n\t\t\t\t\t<h5 class=\"elementor-heading-title elementor-size-default\">Buscamos entender as necessidades e desafios de cada projeto, para criar estrat\u00e9gias que tragam os melhores resultados. Mais do que realizar campanhas e projetos de sucesso, atuamos de forma transparente, mantendo uma comunica\u00e7\u00e3o clara e acess\u00edvel com nossos parceiros. Acreditamos que um trabalhado bem-feito \u00e9 aquele que satisfaz e fideliza nossos clientes, assim como nos motiva a crescer e continuar aprimorando nossos servi\u00e7os.<\/h5>\t\t\t\t<\/div>\n\t\t\t\t<\/div>\n\t\t\t\t<\/div>\n\t\t<div class=\"elementor-element elementor-element-bcbfbb8 e-flex e-con-boxed e-con e-parent\" data-id=\"bcbfbb8\" data-element_type=\"container\" data-e-type=\"container\">\n\t\t\t\t\t<div class=\"e-con-inner\">\n\t\t\t\t<div class=\"elementor-element elementor-element-75220ed animated-fast elementor-invisible elementor-widget elementor-widget-heading\" data-id=\"75220ed\" data-element_type=\"widget\" data-e-type=\"widget\" data-settings=\"{&quot;_animation&quot;:&quot;fadeInLeft&quot;}\" data-widget_type=\"heading.default\">\n\t\t\t\t<div class=\"elementor-widget-container\">\n\t\t\t\t\t<h2 class=\"elementor-heading-title elementor-size-default\">  |   Vis\u00e3o e Miss\u00e3o:<\/h2>\t\t\t\t<\/div>\n\t\t\t\t<\/div>\n\t\t\t\t<div class=\"elementor-element elementor-element-69845b5 animated-fast elementor-invisible elementor-widget elementor-widget-text-editor\" data-id=\"69845b5\" data-element_type=\"widget\" data-e-type=\"widget\" data-settings=\"{&quot;_animation&quot;:&quot;fadeInLeft&quot;}\" data-widget_type=\"text-editor.default\">\n\t\t\t\t<div class=\"elementor-widget-container\">\n\t\t\t\t\t\t\t\t\t<ul><li><b>Nossa Miss\u00e3o:<\/b> Ser a ponte entre o seu neg\u00f3cio e o seu p\u00fablico. A KAB Comunica\u00e7\u00e3o existe para impulsionar marcas, transformando ideias em projetos de comunica\u00e7\u00e3o digital e gr\u00e1fica que geram conex\u00e3o, valor e, acima de tudo, resultados mensur\u00e1veis.<\/li><\/ul>\t\t\t\t\t\t\t\t<\/div>\n\t\t\t\t<\/div>\n\t\t\t\t<div class=\"elementor-element elementor-element-ad3ed0f animated-fast elementor-invisible elementor-widget elementor-widget-text-editor\" data-id=\"ad3ed0f\" data-element_type=\"widget\" data-e-type=\"widget\" data-settings=\"{&quot;_animation&quot;:&quot;fadeInLeft&quot;}\" data-widget_type=\"text-editor.default\">\n\t\t\t\t<div class=\"elementor-widget-container\">\n\t\t\t\t\t\t\t\t\t<ul><li><b>Nossa Vis\u00e3o:<\/b> Ser refer\u00eancia em solu\u00e7\u00f5es de comunica\u00e7\u00e3o online, reconhecida pela inova\u00e7\u00e3o, criatividade e pelo uso estrat\u00e9gico das novas tecnologias, como a Intelig\u00eancia Artificial, para entregar excel\u00eancia e crescimento sustent\u00e1vel aos nossos clientes.<\/li><\/ul>\t\t\t\t\t\t\t\t<\/div>\n\t\t\t\t<\/div>\n\t\t\t\t\t<\/div>\n\t\t\t\t<\/div>\n\t\t<div class=\"elementor-element elementor-element-f136526 elementor-hidden-tablet elementor-hidden-mobile e-flex e-con-boxed e-con e-parent\" data-id=\"f136526\" data-element_type=\"container\" data-e-type=\"container\" data-settings=\"{&quot;background_background&quot;:&quot;classic&quot;}\">\n\t\t\t\t\t<div class=\"e-con-inner\">\n\t\t\t\t\t<\/div>\n\t\t\t\t<\/div>\n\t\t<div class=\"elementor-element elementor-element-HaYHwar e-flex e-con-boxed e-con e-parent\" data-id=\"HaYHwar\" data-element_type=\"container\" data-e-type=\"container\">\n\t\t\t\t\t<div class=\"e-con-inner\">\n\t\t<div class=\"elementor-element elementor-element-ErakLuY e-con-full e-flex e-con e-child\" data-id=\"ErakLuY\" data-element_type=\"container\" data-e-type=\"container\">\n\t\t\t\t<div class=\"elementor-element elementor-element-eylm1dl animated-fast elementor-invisible elementor-widget elementor-widget-heading\" data-id=\"eylm1dl\" data-element_type=\"widget\" data-e-type=\"widget\" data-settings=\"{&quot;_animation&quot;:&quot;fadeInLeft&quot;}\" data-widget_type=\"heading.default\">\n\t\t\t\t<div class=\"elementor-widget-container\">\n\t\t\t\t\t<h1 class=\"elementor-heading-title elementor-size-default\">Nossa equipe est\u00e1 pronta para impression\u00e1-lo<\/h1>\t\t\t\t<\/div>\n\t\t\t\t<\/div>\n\t\t\t\t<div class=\"elementor-element elementor-element-9793e49 animated-fast elementor-invisible elementor-widget elementor-widget-heading\" data-id=\"9793e49\" data-element_type=\"widget\" data-e-type=\"widget\" data-settings=\"{&quot;_animation&quot;:&quot;fadeInLeft&quot;}\" data-widget_type=\"heading.default\">\n\t\t\t\t<div class=\"elementor-widget-container\">\n\t\t\t\t\t<h5 class=\"elementor-heading-title elementor-size-default\">Somos apaixonados por solu\u00e7\u00f5es digitais.<\/h5>\t\t\t\t<\/div>\n\t\t\t\t<\/div>\n\t\t\t\t<\/div>\n\t\t<div class=\"elementor-element elementor-element-DaKsrOK e-con-full e-flex e-con e-child\" data-id=\"DaKsrOK\" data-element_type=\"container\" data-e-type=\"container\">\n\t\t<div class=\"elementor-element elementor-element-2f825aa e-con-full e-flex e-con e-child\" data-id=\"2f825aa\" data-element_type=\"container\" data-e-type=\"container\">\n\t\t\t\t<div class=\"elementor-element elementor-element-b062c00 animated-fast elementor-position-top elementor-invisible elementor-widget elementor-widget-image-box\" data-id=\"b062c00\" data-element_type=\"widget\" data-e-type=\"widget\" data-settings=\"{&quot;_animation&quot;:&quot;zoomIn&quot;}\" data-widget_type=\"image-box.default\">\n\t\t\t\t<div class=\"elementor-widget-container\">\n\t\t\t\t\t<div class=\"elementor-image-box-wrapper\"><figure class=\"elementor-image-box-img\"><img fetchpriority=\"high\" decoding=\"async\" width=\"600\" height=\"602\" src=\"https:\/\/kabcomunicacao.com.br\/wp-content\/uploads\/2024\/09\/03.png\" class=\"attachment-full size-full wp-image-5388\" alt=\"\" srcset=\"https:\/\/kabcomunicacao.com.br\/wp-content\/uploads\/2024\/09\/03.png 600w, https:\/\/kabcomunicacao.com.br\/wp-content\/uploads\/2024\/09\/03-300x300.png 300w, https:\/\/kabcomunicacao.com.br\/wp-content\/uploads\/2024\/09\/03-150x150.png 150w\" sizes=\"(max-width: 600px) 100vw, 600px\" \/><\/figure><div class=\"elementor-image-box-content\"><h3 class=\"elementor-image-box-title\">Jo\u00e3o Paulo<\/h3><p class=\"elementor-image-box-description\"> Web Designer <\/p><\/div><\/div>\t\t\t\t<\/div>\n\t\t\t\t<\/div>\n\t\t\t\t<div class=\"elementor-element elementor-element-e39bb44 animated-fast elementor-position-top elementor-invisible elementor-widget elementor-widget-image-box\" data-id=\"e39bb44\" data-element_type=\"widget\" data-e-type=\"widget\" data-settings=\"{&quot;_animation&quot;:&quot;zoomIn&quot;}\" data-widget_type=\"image-box.default\">\n\t\t\t\t<div class=\"elementor-widget-container\">\n\t\t\t\t\t<div class=\"elementor-image-box-wrapper\"><figure class=\"elementor-image-box-img\"><img decoding=\"async\" width=\"600\" height=\"602\" src=\"https:\/\/kabcomunicacao.com.br\/wp-content\/uploads\/2024\/09\/01.png\" class=\"attachment-full size-full wp-image-5389\" alt=\"\" srcset=\"https:\/\/kabcomunicacao.com.br\/wp-content\/uploads\/2024\/09\/01.png 600w, https:\/\/kabcomunicacao.com.br\/wp-content\/uploads\/2024\/09\/01-300x300.png 300w, https:\/\/kabcomunicacao.com.br\/wp-content\/uploads\/2024\/09\/01-150x150.png 150w\" sizes=\"(max-width: 600px) 100vw, 600px\" \/><\/figure><div class=\"elementor-image-box-content\"><h3 class=\"elementor-image-box-title\">Marco Antonio<\/h3><p class=\"elementor-image-box-description\">Web Master<\/p><\/div><\/div>\t\t\t\t<\/div>\n\t\t\t\t<\/div>\n\t\t\t\t<\/div>\n\t\t<div class=\"elementor-element elementor-element-8a3b5cf e-con-full e-flex e-con e-child\" data-id=\"8a3b5cf\" data-element_type=\"container\" data-e-type=\"container\">\n\t\t\t\t<div class=\"elementor-element elementor-element-4ce1b6b animated-fast elementor-position-top elementor-invisible elementor-widget elementor-widget-image-box\" data-id=\"4ce1b6b\" data-element_type=\"widget\" data-e-type=\"widget\" data-settings=\"{&quot;_animation&quot;:&quot;zoomIn&quot;}\" data-widget_type=\"image-box.default\">\n\t\t\t\t<div class=\"elementor-widget-container\">\n\t\t\t\t\t<div class=\"elementor-image-box-wrapper\"><figure class=\"elementor-image-box-img\"><img decoding=\"async\" width=\"610\" height=\"610\" src=\"https:\/\/kabcomunicacao.com.br\/wp-content\/uploads\/2024\/09\/04.png\" class=\"attachment-full size-full wp-image-5395\" alt=\"\" srcset=\"https:\/\/kabcomunicacao.com.br\/wp-content\/uploads\/2024\/09\/04.png 610w, https:\/\/kabcomunicacao.com.br\/wp-content\/uploads\/2024\/09\/04-300x300.png 300w, https:\/\/kabcomunicacao.com.br\/wp-content\/uploads\/2024\/09\/04-150x150.png 150w\" sizes=\"(max-width: 610px) 100vw, 610px\" \/><\/figure><div class=\"elementor-image-box-content\"><h3 class=\"elementor-image-box-title\">Vanesa Telles<\/h3><p class=\"elementor-image-box-description\"> Marketing Digital<\/p><\/div><\/div>\t\t\t\t<\/div>\n\t\t\t\t<\/div>\n\t\t\t\t<div class=\"elementor-element elementor-element-6eee41e animated-fast elementor-position-top elementor-invisible elementor-widget elementor-widget-image-box\" data-id=\"6eee41e\" data-element_type=\"widget\" data-e-type=\"widget\" data-settings=\"{&quot;_animation&quot;:&quot;zoomIn&quot;}\" data-widget_type=\"image-box.default\">\n\t\t\t\t<div class=\"elementor-widget-container\">\n\t\t\t\t\t<div class=\"elementor-image-box-wrapper\"><figure class=\"elementor-image-box-img\"><img loading=\"lazy\" decoding=\"async\" width=\"600\" height=\"602\" src=\"https:\/\/kabcomunicacao.com.br\/wp-content\/uploads\/2024\/09\/02.png\" class=\"attachment-full size-full wp-image-5393\" alt=\"\" srcset=\"https:\/\/kabcomunicacao.com.br\/wp-content\/uploads\/2024\/09\/02.png 600w, https:\/\/kabcomunicacao.com.br\/wp-content\/uploads\/2024\/09\/02-300x300.png 300w, https:\/\/kabcomunicacao.com.br\/wp-content\/uploads\/2024\/09\/02-150x150.png 150w\" sizes=\"(max-width: 600px) 100vw, 600px\" \/><\/figure><div class=\"elementor-image-box-content\"><h3 class=\"elementor-image-box-title\">Monica Santos<\/h3><p class=\"elementor-image-box-description\"> Publicidade e Marketing<\/p><\/div><\/div>\t\t\t\t<\/div>\n\t\t\t\t<\/div>\n\t\t\t\t<\/div>\n\t\t\t\t<\/div>\n\t\t\t\t\t<\/div>\n\t\t\t\t<\/div>\n\t\t<div class=\"elementor-element elementor-element-c634485 e-flex e-con-boxed e-con e-parent\" data-id=\"c634485\" data-element_type=\"container\" data-e-type=\"container\">\n\t\t\t\t\t<div class=\"e-con-inner\">\n\t\t\t\t<div class=\"elementor-element elementor-element-3a5ecee animated-fast elementor-invisible elementor-widget elementor-widget-heading\" data-id=\"3a5ecee\" data-element_type=\"widget\" data-e-type=\"widget\" data-settings=\"{&quot;_animation&quot;:&quot;fadeInDown&quot;}\" data-widget_type=\"heading.default\">\n\t\t\t\t<div class=\"elementor-widget-container\">\n\t\t\t\t\t<h2 class=\"elementor-heading-title elementor-size-default\">| ATENDIMENTO PERSONALIZADO<\/h2>\t\t\t\t<\/div>\n\t\t\t\t<\/div>\n\t\t<div class=\"elementor-element elementor-element-8be6a42 e-con-full e-flex e-con e-child\" data-id=\"8be6a42\" data-element_type=\"container\" data-e-type=\"container\">\n\t\t\t\t<div class=\"elementor-element elementor-element-1a88806 animated-fast elementor-invisible elementor-widget elementor-widget-text-editor\" data-id=\"1a88806\" data-element_type=\"widget\" data-e-type=\"widget\" data-settings=\"{&quot;_animation&quot;:&quot;fadeInDown&quot;}\" data-widget_type=\"text-editor.default\">\n\t\t\t\t<div class=\"elementor-widget-container\">\n\t\t\t\t\t\t\t\t\t<p><span style=\"vertical-align: inherit;\"><span style=\"vertical-align: inherit;\"><span style=\"vertical-align: inherit;\"><span style=\"vertical-align: inherit;\">Estamos empolgados para come\u00e7ar a trabalhar no seu PROJETO.<\/span><\/span><\/span><\/span><\/p>\t\t\t\t\t\t\t\t<\/div>\n\t\t\t\t<\/div>\n\t\t\t\t<div class=\"elementor-element elementor-element-c76816a animated-fast elementor-invisible elementor-widget elementor-widget-text-editor\" data-id=\"c76816a\" data-element_type=\"widget\" data-e-type=\"widget\" data-settings=\"{&quot;_animation&quot;:&quot;fadeInDown&quot;}\" data-widget_type=\"text-editor.default\">\n\t\t\t\t<div class=\"elementor-widget-container\">\n\t\t\t\t\t\t\t\t\t<p>Entre em contato conosco hoje mesmo para obter uma consulta gratuita e dar o primeiro passo para o sucesso online.<\/p>\t\t\t\t\t\t\t\t<\/div>\n\t\t\t\t<\/div>\n\t\t\t\t<div class=\"elementor-element elementor-element-290b19e elementor-align-center elementor-mobile-align-justify elementor-invisible elementor-widget elementor-widget-button\" data-id=\"290b19e\" data-element_type=\"widget\" data-e-type=\"widget\" data-settings=\"{&quot;_animation&quot;:&quot;bounceIn&quot;}\" data-widget_type=\"button.default\">\n\t\t\t\t<div class=\"elementor-widget-container\">\n\t\t\t\t\t\t\t\t\t<div class=\"elementor-button-wrapper\">\n\t\t\t\t\t<a class=\"elementor-button elementor-button-link elementor-size-sm elementor-animation-pulse-grow\" href=\"https:\/\/wa.me\/5521991135564\" target=\"_blank\">\n\t\t\t\t\t\t<span class=\"elementor-button-content-wrapper\">\n\t\t\t\t\t\t<span class=\"elementor-button-icon\">\n\t\t\t\t<svg aria-hidden=\"true\" class=\"e-font-icon-svg e-fab-whatsapp\" viewBox=\"0 0 448 512\" xmlns=\"http:\/\/www.w3.org\/2000\/svg\"><path d=\"M380.9 97.1C339 55.1 283.2 32 223.9 32c-122.4 0-222 99.6-222 222 0 39.1 10.2 77.3 29.6 111L0 480l117.7-30.9c32.4 17.7 68.9 27 106.1 27h.1c122.3 0 224.1-99.6 224.1-222 0-59.3-25.2-115-67.1-157zm-157 341.6c-33.2 0-65.7-8.9-94-25.7l-6.7-4-69.8 18.3L72 359.2l-4.4-7c-18.5-29.4-28.2-63.3-28.2-98.2 0-101.7 82.8-184.5 184.6-184.5 49.3 0 95.6 19.2 130.4 54.1 34.8 34.9 56.2 81.2 56.1 130.5 0 101.8-84.9 184.6-186.6 184.6zm101.2-138.2c-5.5-2.8-32.8-16.2-37.9-18-5.1-1.9-8.8-2.8-12.5 2.8-3.7 5.6-14.3 18-17.6 21.8-3.2 3.7-6.5 4.2-12 1.4-32.6-16.3-54-29.1-75.5-66-5.7-9.8 5.7-9.1 16.3-30.3 1.8-3.7.9-6.9-.5-9.7-1.4-2.8-12.5-30.1-17.1-41.2-4.5-10.8-9.1-9.3-12.5-9.5-3.2-.2-6.9-.2-10.6-.2-3.7 0-9.7 1.4-14.8 6.9-5.1 5.6-19.4 19-19.4 46.3 0 27.3 19.9 53.7 22.6 57.4 2.8 3.7 39.1 59.7 94.8 83.8 35.2 15.2 49 16.5 66.6 13.9 10.7-1.6 32.8-13.4 37.4-26.4 4.6-13 4.6-24.1 3.2-26.4-1.3-2.5-5-3.9-10.5-6.6z\"><\/path><\/svg>\t\t\t<\/span>\n\t\t\t\t\t\t\t\t\t<span class=\"elementor-button-text\">Atendimento  via WhatsApp <\/span>\n\t\t\t\t\t<\/span>\n\t\t\t\t\t<\/a>\n\t\t\t\t<\/div>\n\t\t\t\t\t\t\t\t<\/div>\n\t\t\t\t<\/div>\n\t\t\t\t<\/div>\n\t\t\t\t\t<\/div>\n\t\t\t\t<\/div>\n\t\t<div class=\"elementor-element elementor-element-f3f3bfa e-flex e-con-boxed e-con e-parent\" data-id=\"f3f3bfa\" data-element_type=\"container\" data-e-type=\"container\">\n\t\t\t\t\t<div class=\"e-con-inner\">\n\t\t\t\t\t<\/div>\n\t\t\t\t<\/div>\n\t\t\t\t<\/div>\n\t\t","protected":false},"excerpt":{"rendered":"<p>Proporcionamos Solu\u00e7\u00f5es Digitais Eficientes, Inovadoras e Personalizadas Buscamos entender as necessidades e desafios de cada projeto, para criar estrat\u00e9gias que tragam os melhores resultados. Mais do que realizar campanhas e projetos de sucesso, atuamos de forma transparente, mantendo uma comunica\u00e7\u00e3o clara e acess\u00edvel com nossos parceiros. Acreditamos que um trabalhado bem-feito \u00e9 aquele que satisfaz [&hellip;]<\/p>\n","protected":false},"author":1,"featured_media":0,"parent":0,"menu_order":0,"comment_status":"closed","ping_status":"closed","template":"elementor_header_footer","meta":{"footnotes":""},"class_list":["post-5100","page","type-page","status-publish","hentry"],"_links":{"self":[{"href":"https:\/\/kabcomunicacao.com.br\/index.php\/wp-json\/wp\/v2\/pages\/5100","targetHints":{"allow":["GET"]}}],"collection":[{"href":"https:\/\/kabcomunicacao.com.br\/index.php\/wp-json\/wp\/v2\/pages"}],"about":[{"href":"https:\/\/kabcomunicacao.com.br\/index.php\/wp-json\/wp\/v2\/types\/page"}],"author":[{"embeddable":true,"href":"https:\/\/kabcomunicacao.com.br\/index.php\/wp-json\/wp\/v2\/users\/1"}],"replies":[{"embeddable":true,"href":"https:\/\/kabcomunicacao.com.br\/index.php\/wp-json\/wp\/v2\/comments?post=5100"}],"version-history":[{"count":0,"href":"https:\/\/kabcomunicacao.com.br\/index.php\/wp-json\/wp\/v2\/pages\/5100\/revisions"}],"wp:attachment":[{"href":"https:\/\/kabcomunicacao.com.br\/index.php\/wp-json\/wp\/v2\/media?parent=5100"}],"curies":[{"name":"wp","href":"https:\/\/api.w.org\/{rel}","templated":true}]}}